{"id":987,"date":"2015-05-07T23:27:18","date_gmt":"2015-05-07T21:27:18","guid":{"rendered":"http:\/\/www.fritshopkris.be\/fr\/?page_id=987"},"modified":"2023-06-18T10:45:43","modified_gmt":"2023-06-18T08:45:43","slug":"couts","status":"publish","type":"page","link":"http:\/\/www.fritshopkris.be\/fr\/couts\/","title":{"rendered":"Co\u00fbts"},"content":{"rendered":"<div class=\"page\" title=\"Page 2\">\n<div class=\"section\">\n<div class=\"layoutArea\">\n<div class=\"column\">\n\n<strong>Co\u00fbts de notre friture mobile :<\/strong>\n<ul>\n \t<li>\u20ac 250,00 (20 &gt; 39 personnes)<\/li>\n \t<li>\u20ac 200,00 (40 &gt; 69 personnes)<\/li>\n \t<li>\u20ac 175,00 (70 &gt; 99 personnes)<\/li>\n \t<li>\u20ac 150,00 (100 &gt; 149 personnes)<\/li>\n \t<li>\u20ac 125,00 (150 &gt; 199 personnes)<\/li>\n \t<li>\u20ac 100,00 (+200 personnes)<\/li>\n<\/ul>\nLa dur\u00e9e standard est toujours de 2 heures op\u00e9rationnelles. Nous serons toujours une heure \u00e0 l&rsquo;avance afin de nous pr\u00e9parer.\n\nA partir de 150 personnes nous pouvons adapter la dur\u00e9e standard, habituellement sans frais suppl\u00e9mentaire. (Avec les Formules \u00ab\u00a0Basic\u00a0\u00bb, nous demandons que tous les participants sont pr\u00e9sents, afin que l&rsquo;on puisse servir tout le monde en une fois. Ici, la r\u00e8gle des deux heures op\u00e9rationnelles n&rsquo;est pas d&rsquo;application).\n\nUn formulaire d&rsquo;offre est disponible \u00e0 cette adresse(<a href=\"http:\/\/www.fritshopkris.be\/fr\/demander-un-devis\/\">http:\/\/www.fritshopkris.be\/fr\/demander-un-devis\/<\/a>), apr\u00e8s que vous ayez entr\u00e9 toutes vos donn\u00e9es, nous vous enverrons une offre. Si vous souhaitez ensuite travailler avec nous, nous attendons de vous une confirmation \u00e0 notre proposition.\n\n<\/div>\n<\/div>\n<\/div>\n<\/div><!-- AddThis Advanced Settings generic via filter on the_content --><!-- AddThis Share Buttons generic via filter on the_content -->","protected":false},"excerpt":{"rendered":"<p>Co\u00fbts de notre friture mobile : \u20ac 250,00 (20 &gt; 39 personnes) \u20ac 200,00 (40 &gt; 69 personnes) \u20ac 175,00 (70 &gt; 99 personnes) \u20ac 150,00 (100 &gt; 149 personnes) \u20ac 125,00 (150 &gt; 199 personnes) \u20ac 100,00 (+200 personnes) La dur\u00e9e standard est toujours de 2 heures op\u00e9rationnelles. Nous serons toujours une heure \u00e0 [&hellip;]<!-- AddThis Advanced Settings generic via filter on get_the_excerpt --><!-- AddThis Share Buttons generic via filter on get_the_excerpt --><\/p>\n","protected":false},"author":1,"featured_media":0,"parent":0,"menu_order":0,"comment_status":"closed","ping_status":"closed","template":"","meta":{"footnotes":""},"class_list":["post-987","page","type-page","status-publish","hentry"],"yoast_head":"<!-- This site is optimized with the Yoast SEO plugin v20.9 - https:\/\/yoast.com\/wordpress\/plugins\/seo\/ -->\n<title>Co\u00fbts - FritShop Kris<\/title>\n<meta name=\"robots\" content=\"index, follow, max-snippet:-1, max-image-preview:large, max-video-preview:-1\" \/>\n<link rel=\"canonical\" href=\"https:\/\/www.fritshopkris.be\/fr\/couts\/\" \/>\n<meta property=\"og:locale\" content=\"fr_FR\" \/>\n<meta property=\"og:type\" content=\"article\" \/>\n<meta property=\"og:title\" content=\"Co\u00fbts - FritShop Kris\" \/>\n<meta property=\"og:description\" content=\"Co\u00fbts de notre friture mobile : \u20ac 250,00 (20 &gt; 39 personnes) \u20ac 200,00 (40 &gt; 69 personnes) \u20ac 175,00 (70 &gt; 99 personnes) \u20ac 150,00 (100 &gt; 149 personnes) \u20ac 125,00 (150 &gt; 199 personnes) \u20ac 100,00 (+200 personnes) La dur\u00e9e standard est toujours de 2 heures op\u00e9rationnelles. Nous serons toujours une heure \u00e0 [&hellip;]\" \/>\n<meta property=\"og:url\" content=\"https:\/\/www.fritshopkris.be\/fr\/couts\/\" \/>\n<meta property=\"og:site_name\" content=\"FritShop Kris\" \/>\n<meta property=\"article:modified_time\" content=\"2023-06-18T08:45:43+00:00\" \/>\n<meta name=\"twitter:card\" content=\"summary_large_image\" \/>\n<meta name=\"twitter:label1\" content=\"Dur\u00e9e de lecture estim\u00e9e\" \/>\n\t<meta name=\"twitter:data1\" content=\"1 minute\" \/>\n<script type=\"application\/ld+json\" class=\"yoast-schema-graph\">{\"@context\":\"https:\/\/schema.org\",\"@graph\":[{\"@type\":\"WebPage\",\"@id\":\"https:\/\/www.fritshopkris.be\/fr\/couts\/\",\"url\":\"https:\/\/www.fritshopkris.be\/fr\/couts\/\",\"name\":\"Co\u00fbts - FritShop Kris\",\"isPartOf\":{\"@id\":\"http:\/\/www.fritshopkris.be\/fr\/#website\"},\"datePublished\":\"2015-05-07T21:27:18+00:00\",\"dateModified\":\"2023-06-18T08:45:43+00:00\",\"breadcrumb\":{\"@id\":\"https:\/\/www.fritshopkris.be\/fr\/couts\/#breadcrumb\"},\"inLanguage\":\"fr-FR\",\"potentialAction\":[{\"@type\":\"ReadAction\",\"target\":[\"https:\/\/www.fritshopkris.be\/fr\/couts\/\"]}]},{\"@type\":\"BreadcrumbList\",\"@id\":\"https:\/\/www.fritshopkris.be\/fr\/couts\/#breadcrumb\",\"itemListElement\":[{\"@type\":\"ListItem\",\"position\":1,\"name\":\"Accueil\",\"item\":\"http:\/\/www.fritshopkris.be\/fr\/\"},{\"@type\":\"ListItem\",\"position\":2,\"name\":\"Co\u00fbts\"}]},{\"@type\":\"WebSite\",\"@id\":\"http:\/\/www.fritshopkris.be\/fr\/#website\",\"url\":\"http:\/\/www.fritshopkris.be\/fr\/\",\"name\":\"FritShop Kris\",\"description\":\"On Wheels\",\"publisher\":{\"@id\":\"http:\/\/www.fritshopkris.be\/fr\/#organization\"},\"potentialAction\":[{\"@type\":\"SearchAction\",\"target\":{\"@type\":\"EntryPoint\",\"urlTemplate\":\"http:\/\/www.fritshopkris.be\/fr\/?s={search_term_string}\"},\"query-input\":\"required name=search_term_string\"}],\"inLanguage\":\"fr-FR\"},{\"@type\":\"Organization\",\"@id\":\"http:\/\/www.fritshopkris.be\/fr\/#organization\",\"name\":\"FritShop Kris on Wheels\",\"url\":\"http:\/\/www.fritshopkris.be\/fr\/\",\"logo\":{\"@type\":\"ImageObject\",\"inLanguage\":\"fr-FR\",\"@id\":\"http:\/\/www.fritshopkris.be\/fr\/#\/schema\/logo\/image\/\",\"url\":\"http:\/\/www.fritshopkris.be\/fr\/wp-content\/uploads\/logobis.png\",\"contentUrl\":\"http:\/\/www.fritshopkris.be\/fr\/wp-content\/uploads\/logobis.png\",\"width\":898,\"height\":514,\"caption\":\"FritShop Kris on Wheels\"},\"image\":{\"@id\":\"http:\/\/www.fritshopkris.be\/fr\/#\/schema\/logo\/image\/\"}}]}<\/script>\n<!-- \/ Yoast SEO plugin. -->","yoast_head_json":{"title":"Co\u00fbts - FritShop Kris","robots":{"index":"index","follow":"follow","max-snippet":"max-snippet:-1","max-image-preview":"max-image-preview:large","max-video-preview":"max-video-preview:-1"},"canonical":"https:\/\/www.fritshopkris.be\/fr\/couts\/","og_locale":"fr_FR","og_type":"article","og_title":"Co\u00fbts - FritShop Kris","og_description":"Co\u00fbts de notre friture mobile : \u20ac 250,00 (20 &gt; 39 personnes) \u20ac 200,00 (40 &gt; 69 personnes) \u20ac 175,00 (70 &gt; 99 personnes) \u20ac 150,00 (100 &gt; 149 personnes) \u20ac 125,00 (150 &gt; 199 personnes) \u20ac 100,00 (+200 personnes) La dur\u00e9e standard est toujours de 2 heures op\u00e9rationnelles. Nous serons toujours une heure \u00e0 [&hellip;]","og_url":"https:\/\/www.fritshopkris.be\/fr\/couts\/","og_site_name":"FritShop Kris","article_modified_time":"2023-06-18T08:45:43+00:00","twitter_card":"summary_large_image","twitter_misc":{"Dur\u00e9e de lecture estim\u00e9e":"1 minute"},"schema":{"@context":"https:\/\/schema.org","@graph":[{"@type":"WebPage","@id":"https:\/\/www.fritshopkris.be\/fr\/couts\/","url":"https:\/\/www.fritshopkris.be\/fr\/couts\/","name":"Co\u00fbts - FritShop Kris","isPartOf":{"@id":"http:\/\/www.fritshopkris.be\/fr\/#website"},"datePublished":"2015-05-07T21:27:18+00:00","dateModified":"2023-06-18T08:45:43+00:00","breadcrumb":{"@id":"https:\/\/www.fritshopkris.be\/fr\/couts\/#breadcrumb"},"inLanguage":"fr-FR","potentialAction":[{"@type":"ReadAction","target":["https:\/\/www.fritshopkris.be\/fr\/couts\/"]}]},{"@type":"BreadcrumbList","@id":"https:\/\/www.fritshopkris.be\/fr\/couts\/#breadcrumb","itemListElement":[{"@type":"ListItem","position":1,"name":"Accueil","item":"http:\/\/www.fritshopkris.be\/fr\/"},{"@type":"ListItem","position":2,"name":"Co\u00fbts"}]},{"@type":"WebSite","@id":"http:\/\/www.fritshopkris.be\/fr\/#website","url":"http:\/\/www.fritshopkris.be\/fr\/","name":"FritShop Kris","description":"On Wheels","publisher":{"@id":"http:\/\/www.fritshopkris.be\/fr\/#organization"},"potentialAction":[{"@type":"SearchAction","target":{"@type":"EntryPoint","urlTemplate":"http:\/\/www.fritshopkris.be\/fr\/?s={search_term_string}"},"query-input":"required name=search_term_string"}],"inLanguage":"fr-FR"},{"@type":"Organization","@id":"http:\/\/www.fritshopkris.be\/fr\/#organization","name":"FritShop Kris on Wheels","url":"http:\/\/www.fritshopkris.be\/fr\/","logo":{"@type":"ImageObject","inLanguage":"fr-FR","@id":"http:\/\/www.fritshopkris.be\/fr\/#\/schema\/logo\/image\/","url":"http:\/\/www.fritshopkris.be\/fr\/wp-content\/uploads\/logobis.png","contentUrl":"http:\/\/www.fritshopkris.be\/fr\/wp-content\/uploads\/logobis.png","width":898,"height":514,"caption":"FritShop Kris on Wheels"},"image":{"@id":"http:\/\/www.fritshopkris.be\/fr\/#\/schema\/logo\/image\/"}}]}},"_links":{"self":[{"href":"http:\/\/www.fritshopkris.be\/fr\/wp-json\/wp\/v2\/pages\/987","targetHints":{"allow":["GET"]}}],"collection":[{"href":"http:\/\/www.fritshopkris.be\/fr\/wp-json\/wp\/v2\/pages"}],"about":[{"href":"http:\/\/www.fritshopkris.be\/fr\/wp-json\/wp\/v2\/types\/page"}],"author":[{"embeddable":true,"href":"http:\/\/www.fritshopkris.be\/fr\/wp-json\/wp\/v2\/users\/1"}],"replies":[{"embeddable":true,"href":"http:\/\/www.fritshopkris.be\/fr\/wp-json\/wp\/v2\/comments?post=987"}],"version-history":[{"count":9,"href":"http:\/\/www.fritshopkris.be\/fr\/wp-json\/wp\/v2\/pages\/987\/revisions"}],"predecessor-version":[{"id":1166,"href":"http:\/\/www.fritshopkris.be\/fr\/wp-json\/wp\/v2\/pages\/987\/revisions\/1166"}],"wp:attachment":[{"href":"http:\/\/www.fritshopkris.be\/fr\/wp-json\/wp\/v2\/media?parent=987"}],"curies":[{"name":"wp","href":"https:\/\/api.w.org\/{rel}","templated":true}]}}