{"id":983,"date":"2015-05-07T23:25:27","date_gmt":"2015-05-07T21:25:27","guid":{"rendered":"http:\/\/www.fritshopkris.be\/fr\/?page_id=983"},"modified":"2020-02-22T10:47:20","modified_gmt":"2020-02-22T09:47:20","slug":"infos-pratiques","status":"publish","type":"page","link":"http:\/\/www.fritshopkris.be\/fr\/infos-pratiques\/","title":{"rendered":"Infos Pratiques"},"content":{"rendered":"<strong>Conditions:<\/strong>\n&#8211; Pour qu&rsquo;on organise une f\u00eate, il y a un montant minimum de 300,00 euros.\n&#8211; Les enfants en-dessous de 3 ans sont gratuites.\n\n<strong>Conditions de paiement:<\/strong>\nA la r\u00e9servation d&rsquo;une f\u00eate nous demandons un acompte de 50%. Le paiement de cette acompte est en soit la confirmation de la f\u00eate. Le reste du montant sera pay\u00e9 au comptant avant la prestation le jour-m\u00eame.\n\n<strong>Conditions de paiement:<\/strong>\nA la r\u00e9servation d&rsquo;une f\u00eate nous demandons un acompte de 50%. Le paiement de cette acompte est en soit la confirmation de la f\u00eate. Le reste du montant sera pay\u00e9 au comptant avant la prestation le jour-m\u00eame.\n\n<strong>Astuce:<\/strong>\nPr\u00e9voyez assez de temps (environ une heure) pour accueillir vos invit\u00e9s et laisser \u00ab\u00a0Fritshop Kris on Wheels\u00a0\u00bb ouvrir d\u00e8s que que tout le monde est pr\u00e9sent.\n\n<strong>Confirmation du nombre de personnes:<\/strong>\nUne semaine avant votre f\u00eate, vous nous envoyez un mail pour confirmer le nombre de personne d\u00e9finitif pr\u00e9sent. Ceci sera le nombre qui vous sera factur\u00e9. Jusqu&rsquo;au jour m\u00eame, vous pouvez toujours commander en plus, annuler une partie de la commande n&rsquo;est pas possible car nous nous achetons nos denr\u00e9es alimentaires \u00e0 l&rsquo;avance.\n\n<strong>Qu&rsquo;est-ce que notre client doit pr\u00e9voir:<\/strong>\nNous avons besoin d&rsquo;une alimentation 220V 20A ou 16A de charge (lumi\u00e8re, frigo et aspiration de la fum\u00e9e). La voiture a tout \u00e0 bord (fourchettes, serviettes, etc&#8230;)\n\n<strong>Dimension Voiture:<\/strong>\nFournir un espace suffisant pour la voiture: 6m de long, 3,5 m de large et 3,5 m de haut\n\nN&rsquo;oubliez pas qu&rsquo;on doit encore savoir ouvrir notre haut-vent.\nCelui-ci doit toujours se trouver du c\u00f4te trottoir.\nFournir suffisamment d&rsquo;espace pour man\u0153uvrer la voiture (12 m\u00e8tres par 2,5 m\u00e8tres)\nPour \u00eatre sur la route, vous devez en principe demander une autorisation de l&rsquo;autorit\u00e9 locale ou de la police, vous devez les consulter, les co\u00fbts (s&rsquo;il y en a) seront \u00e0 votre charge.<!-- AddThis Advanced Settings generic via filter on the_content --><!-- AddThis Share Buttons generic via filter on the_content -->","protected":false},"excerpt":{"rendered":"<p>Conditions: &#8211; Pour qu&rsquo;on organise une f\u00eate, il y a un montant minimum de 300,00 euros. &#8211; Les enfants en-dessous de 3 ans sont gratuites. Conditions de paiement: A la r\u00e9servation d&rsquo;une f\u00eate nous demandons un acompte de 50%. Le paiement de cette acompte est en soit la confirmation de la f\u00eate. Le reste du [&hellip;]<!-- AddThis Advanced Settings generic via filter on get_the_excerpt --><!-- AddThis Share Buttons generic via filter on get_the_excerpt --><\/p>\n","protected":false},"author":1,"featured_media":0,"parent":0,"menu_order":0,"comment_status":"closed","ping_status":"open","template":"","meta":{"footnotes":""},"class_list":["post-983","page","type-page","status-publish","hentry"],"yoast_head":"<!-- This site is optimized with the Yoast SEO plugin v20.9 - https:\/\/yoast.com\/wordpress\/plugins\/seo\/ -->\n<title>Infos Pratiques - FritShop Kris<\/title>\n<meta name=\"robots\" content=\"index, follow, max-snippet:-1, max-image-preview:large, max-video-preview:-1\" \/>\n<link rel=\"canonical\" href=\"http:\/\/www.fritshopkris.be\/fr\/infos-pratiques\/\" \/>\n<meta property=\"og:locale\" content=\"fr_FR\" \/>\n<meta property=\"og:type\" content=\"article\" \/>\n<meta property=\"og:title\" content=\"Infos Pratiques - FritShop Kris\" \/>\n<meta property=\"og:description\" content=\"Conditions: &#8211; Pour qu&rsquo;on organise une f\u00eate, il y a un montant minimum de 300,00 euros. &#8211; Les enfants en-dessous de 3 ans sont gratuites. Conditions de paiement: A la r\u00e9servation d&rsquo;une f\u00eate nous demandons un acompte de 50%. Le paiement de cette acompte est en soit la confirmation de la f\u00eate. Le reste du [&hellip;]\" \/>\n<meta property=\"og:url\" content=\"http:\/\/www.fritshopkris.be\/fr\/infos-pratiques\/\" \/>\n<meta property=\"og:site_name\" content=\"FritShop Kris\" \/>\n<meta property=\"article:modified_time\" content=\"2020-02-22T09:47:20+00:00\" \/>\n<meta name=\"twitter:card\" content=\"summary_large_image\" \/>\n<meta name=\"twitter:label1\" content=\"Dur\u00e9e de lecture estim\u00e9e\" \/>\n\t<meta name=\"twitter:data1\" content=\"2 minutes\" \/>\n<script type=\"application\/ld+json\" class=\"yoast-schema-graph\">{\"@context\":\"https:\/\/schema.org\",\"@graph\":[{\"@type\":\"WebPage\",\"@id\":\"http:\/\/www.fritshopkris.be\/fr\/infos-pratiques\/\",\"url\":\"http:\/\/www.fritshopkris.be\/fr\/infos-pratiques\/\",\"name\":\"Infos Pratiques - FritShop Kris\",\"isPartOf\":{\"@id\":\"http:\/\/www.fritshopkris.be\/fr\/#website\"},\"datePublished\":\"2015-05-07T21:25:27+00:00\",\"dateModified\":\"2020-02-22T09:47:20+00:00\",\"breadcrumb\":{\"@id\":\"http:\/\/www.fritshopkris.be\/fr\/infos-pratiques\/#breadcrumb\"},\"inLanguage\":\"fr-FR\",\"potentialAction\":[{\"@type\":\"ReadAction\",\"target\":[\"http:\/\/www.fritshopkris.be\/fr\/infos-pratiques\/\"]}]},{\"@type\":\"BreadcrumbList\",\"@id\":\"http:\/\/www.fritshopkris.be\/fr\/infos-pratiques\/#breadcrumb\",\"itemListElement\":[{\"@type\":\"ListItem\",\"position\":1,\"name\":\"Accueil\",\"item\":\"http:\/\/www.fritshopkris.be\/fr\/\"},{\"@type\":\"ListItem\",\"position\":2,\"name\":\"Infos Pratiques\"}]},{\"@type\":\"WebSite\",\"@id\":\"http:\/\/www.fritshopkris.be\/fr\/#website\",\"url\":\"http:\/\/www.fritshopkris.be\/fr\/\",\"name\":\"FritShop Kris\",\"description\":\"On Wheels\",\"publisher\":{\"@id\":\"http:\/\/www.fritshopkris.be\/fr\/#organization\"},\"potentialAction\":[{\"@type\":\"SearchAction\",\"target\":{\"@type\":\"EntryPoint\",\"urlTemplate\":\"http:\/\/www.fritshopkris.be\/fr\/?s={search_term_string}\"},\"query-input\":\"required name=search_term_string\"}],\"inLanguage\":\"fr-FR\"},{\"@type\":\"Organization\",\"@id\":\"http:\/\/www.fritshopkris.be\/fr\/#organization\",\"name\":\"FritShop Kris on Wheels\",\"url\":\"http:\/\/www.fritshopkris.be\/fr\/\",\"logo\":{\"@type\":\"ImageObject\",\"inLanguage\":\"fr-FR\",\"@id\":\"http:\/\/www.fritshopkris.be\/fr\/#\/schema\/logo\/image\/\",\"url\":\"http:\/\/www.fritshopkris.be\/fr\/wp-content\/uploads\/logobis.png\",\"contentUrl\":\"http:\/\/www.fritshopkris.be\/fr\/wp-content\/uploads\/logobis.png\",\"width\":898,\"height\":514,\"caption\":\"FritShop Kris on Wheels\"},\"image\":{\"@id\":\"http:\/\/www.fritshopkris.be\/fr\/#\/schema\/logo\/image\/\"}}]}<\/script>\n<!-- \/ Yoast SEO plugin. -->","yoast_head_json":{"title":"Infos Pratiques - FritShop Kris","robots":{"index":"index","follow":"follow","max-snippet":"max-snippet:-1","max-image-preview":"max-image-preview:large","max-video-preview":"max-video-preview:-1"},"canonical":"http:\/\/www.fritshopkris.be\/fr\/infos-pratiques\/","og_locale":"fr_FR","og_type":"article","og_title":"Infos Pratiques - FritShop Kris","og_description":"Conditions: &#8211; Pour qu&rsquo;on organise une f\u00eate, il y a un montant minimum de 300,00 euros. &#8211; Les enfants en-dessous de 3 ans sont gratuites. Conditions de paiement: A la r\u00e9servation d&rsquo;une f\u00eate nous demandons un acompte de 50%. Le paiement de cette acompte est en soit la confirmation de la f\u00eate. Le reste du [&hellip;]","og_url":"http:\/\/www.fritshopkris.be\/fr\/infos-pratiques\/","og_site_name":"FritShop Kris","article_modified_time":"2020-02-22T09:47:20+00:00","twitter_card":"summary_large_image","twitter_misc":{"Dur\u00e9e de lecture estim\u00e9e":"2 minutes"},"schema":{"@context":"https:\/\/schema.org","@graph":[{"@type":"WebPage","@id":"http:\/\/www.fritshopkris.be\/fr\/infos-pratiques\/","url":"http:\/\/www.fritshopkris.be\/fr\/infos-pratiques\/","name":"Infos Pratiques - FritShop Kris","isPartOf":{"@id":"http:\/\/www.fritshopkris.be\/fr\/#website"},"datePublished":"2015-05-07T21:25:27+00:00","dateModified":"2020-02-22T09:47:20+00:00","breadcrumb":{"@id":"http:\/\/www.fritshopkris.be\/fr\/infos-pratiques\/#breadcrumb"},"inLanguage":"fr-FR","potentialAction":[{"@type":"ReadAction","target":["http:\/\/www.fritshopkris.be\/fr\/infos-pratiques\/"]}]},{"@type":"BreadcrumbList","@id":"http:\/\/www.fritshopkris.be\/fr\/infos-pratiques\/#breadcrumb","itemListElement":[{"@type":"ListItem","position":1,"name":"Accueil","item":"http:\/\/www.fritshopkris.be\/fr\/"},{"@type":"ListItem","position":2,"name":"Infos Pratiques"}]},{"@type":"WebSite","@id":"http:\/\/www.fritshopkris.be\/fr\/#website","url":"http:\/\/www.fritshopkris.be\/fr\/","name":"FritShop Kris","description":"On Wheels","publisher":{"@id":"http:\/\/www.fritshopkris.be\/fr\/#organization"},"potentialAction":[{"@type":"SearchAction","target":{"@type":"EntryPoint","urlTemplate":"http:\/\/www.fritshopkris.be\/fr\/?s={search_term_string}"},"query-input":"required name=search_term_string"}],"inLanguage":"fr-FR"},{"@type":"Organization","@id":"http:\/\/www.fritshopkris.be\/fr\/#organization","name":"FritShop Kris on Wheels","url":"http:\/\/www.fritshopkris.be\/fr\/","logo":{"@type":"ImageObject","inLanguage":"fr-FR","@id":"http:\/\/www.fritshopkris.be\/fr\/#\/schema\/logo\/image\/","url":"http:\/\/www.fritshopkris.be\/fr\/wp-content\/uploads\/logobis.png","contentUrl":"http:\/\/www.fritshopkris.be\/fr\/wp-content\/uploads\/logobis.png","width":898,"height":514,"caption":"FritShop Kris on Wheels"},"image":{"@id":"http:\/\/www.fritshopkris.be\/fr\/#\/schema\/logo\/image\/"}}]}},"_links":{"self":[{"href":"http:\/\/www.fritshopkris.be\/fr\/wp-json\/wp\/v2\/pages\/983","targetHints":{"allow":["GET"]}}],"collection":[{"href":"http:\/\/www.fritshopkris.be\/fr\/wp-json\/wp\/v2\/pages"}],"about":[{"href":"http:\/\/www.fritshopkris.be\/fr\/wp-json\/wp\/v2\/types\/page"}],"author":[{"embeddable":true,"href":"http:\/\/www.fritshopkris.be\/fr\/wp-json\/wp\/v2\/users\/1"}],"replies":[{"embeddable":true,"href":"http:\/\/www.fritshopkris.be\/fr\/wp-json\/wp\/v2\/comments?post=983"}],"version-history":[{"count":6,"href":"http:\/\/www.fritshopkris.be\/fr\/wp-json\/wp\/v2\/pages\/983\/revisions"}],"predecessor-version":[{"id":1142,"href":"http:\/\/www.fritshopkris.be\/fr\/wp-json\/wp\/v2\/pages\/983\/revisions\/1142"}],"wp:attachment":[{"href":"http:\/\/www.fritshopkris.be\/fr\/wp-json\/wp\/v2\/media?parent=983"}],"curies":[{"name":"wp","href":"https:\/\/api.w.org\/{rel}","templated":true}]}}