{"id":937,"date":"2015-05-03T10:37:29","date_gmt":"2015-05-03T08:37:29","guid":{"rendered":"http:\/\/www.fritshopkris.be\/fr\/?page_id=937"},"modified":"2016-05-05T10:03:20","modified_gmt":"2016-05-05T08:03:20","slug":"historique","status":"publish","type":"page","link":"http:\/\/www.fritshopkris.be\/fr\/historique\/","title":{"rendered":"Historique"},"content":{"rendered":"Apr\u00e8s 18 ann\u00e9es \u00e0 cuire nos frites dans notre emplacement fixe \u00ab\u00a0Fritshop Kris\u00a0\u00bb \u00e0 Strombeek-Bever, nous allons bient\u00f4t commencer \u00e0 cuire nos frites de mani\u00e8re mobile avec un tout nouveau nom : \u00a0\u00bb Fritshop Kris on wheels \u00ab\u00a0.<br>\r\n<br>\r\nApr\u00e8s nos ann\u00e9es d&rsquo;exp\u00e9rience \u00e0 vous garantir la qualit\u00e9 sup\u00e9rieur.<br>\r\nNous nous effor\u00e7ons d&rsquo;offrir la m\u00eame qualit\u00e9 et propret\u00e9 dans notre friture mobile qu&rsquo;\u00e0 notre emplacement fixe \u00ab\u00a0Fritshop Kris\u00a0\u00bb.<br>\r\n<br>\r\nVous pouvez demander notre friterie mobile pour tous vos \u00e9v\u00e9nements tels que les \u00e9v\u00e9nements d&rsquo;entreprise, les communions, les bapt\u00eames, des r\u00e9ceptions, des journ\u00e9es portes ouvertes, f\u00eates d&rsquo;anniversaire, d\u00e9parts \u00e0 la retraite, .. Pour chaque occasion, nous trouvons une formule sur mesure avec vous.<br>\r\n<br>\r\nGr\u00e2ce \u00e0 nous, vous pourrez tranquillement profiter pleinement de votre f\u00eate! Vous ne devez pas laver, n&rsquo;y ranger, .. vous avez seulement besoin de recevoir vos invit\u00e9s et nous faisons le reste.<br>\r\n<br>\r\nNous garantissons la qualit\u00e9, tels que notre brochette fa\u00eete maison, notre Carbonnade Flamande ainsi que nos boulettes sauce tomate, et bien s\u00fbr avec nos d\u00e9licieuses frites fra\u00eeches qui sont d\u00e9j\u00e0 connue par nos clients de \u00a0\u00bb Fritshop Kris \u00ab\u00a0. <br>\r\n<br>\r\nEn bref: Ensemble, nous allons cr\u00e9er une f\u00eate inoubliable !<br>\r\n<br>\r\nFritshop Kris on wheels,<br>\r\nSandy, Kris, Chenoa, Keano<br><!-- AddThis Advanced Settings generic via filter on the_content --><!-- AddThis Share Buttons generic via filter on the_content -->","protected":false},"excerpt":{"rendered":"<p>Apr\u00e8s 18 ann\u00e9es \u00e0 cuire nos frites dans notre emplacement fixe \u00ab\u00a0Fritshop Kris\u00a0\u00bb \u00e0 Strombeek-Bever, nous allons bient\u00f4t commencer \u00e0 cuire nos frites de mani\u00e8re mobile avec un tout nouveau nom : \u00a0\u00bb Fritshop Kris on wheels \u00ab\u00a0. Apr\u00e8s nos ann\u00e9es d&rsquo;exp\u00e9rience \u00e0 vous garantir la qualit\u00e9 sup\u00e9rieur. Nous nous effor\u00e7ons d&rsquo;offrir la m\u00eame qualit\u00e9 [&hellip;]<!-- AddThis Advanced Settings generic via filter on get_the_excerpt --><!-- AddThis Share Buttons generic via filter on get_the_excerpt --><\/p>\n","protected":false},"author":1,"featured_media":0,"parent":0,"menu_order":0,"comment_status":"closed","ping_status":"closed","template":"","meta":{"footnotes":""},"class_list":["post-937","page","type-page","status-publish","hentry"],"yoast_head":"<!-- This site is optimized with the Yoast SEO plugin v20.9 - https:\/\/yoast.com\/wordpress\/plugins\/seo\/ -->\n<title>Historique - FritShop Kris<\/title>\n<meta name=\"robots\" content=\"index, follow, max-snippet:-1, max-image-preview:large, max-video-preview:-1\" \/>\n<link rel=\"canonical\" href=\"http:\/\/www.fritshopkris.be\/fr\/historique\/\" \/>\n<meta property=\"og:locale\" content=\"fr_FR\" \/>\n<meta property=\"og:type\" content=\"article\" \/>\n<meta property=\"og:title\" content=\"Historique - FritShop Kris\" \/>\n<meta property=\"og:description\" content=\"Apr\u00e8s 18 ann\u00e9es \u00e0 cuire nos frites dans notre emplacement fixe \u00ab\u00a0Fritshop Kris\u00a0\u00bb \u00e0 Strombeek-Bever, nous allons bient\u00f4t commencer \u00e0 cuire nos frites de mani\u00e8re mobile avec un tout nouveau nom : \u00a0\u00bb Fritshop Kris on wheels \u00ab\u00a0. Apr\u00e8s nos ann\u00e9es d&rsquo;exp\u00e9rience \u00e0 vous garantir la qualit\u00e9 sup\u00e9rieur. Nous nous effor\u00e7ons d&rsquo;offrir la m\u00eame qualit\u00e9 [&hellip;]\" \/>\n<meta property=\"og:url\" content=\"http:\/\/www.fritshopkris.be\/fr\/historique\/\" \/>\n<meta property=\"og:site_name\" content=\"FritShop Kris\" \/>\n<meta property=\"article:modified_time\" content=\"2016-05-05T08:03:20+00:00\" \/>\n<meta name=\"twitter:card\" content=\"summary_large_image\" \/>\n<meta name=\"twitter:label1\" content=\"Dur\u00e9e de lecture estim\u00e9e\" \/>\n\t<meta name=\"twitter:data1\" content=\"1 minute\" \/>\n<script type=\"application\/ld+json\" class=\"yoast-schema-graph\">{\"@context\":\"https:\/\/schema.org\",\"@graph\":[{\"@type\":\"WebPage\",\"@id\":\"http:\/\/www.fritshopkris.be\/fr\/historique\/\",\"url\":\"http:\/\/www.fritshopkris.be\/fr\/historique\/\",\"name\":\"Historique - FritShop Kris\",\"isPartOf\":{\"@id\":\"http:\/\/www.fritshopkris.be\/fr\/#website\"},\"datePublished\":\"2015-05-03T08:37:29+00:00\",\"dateModified\":\"2016-05-05T08:03:20+00:00\",\"breadcrumb\":{\"@id\":\"http:\/\/www.fritshopkris.be\/fr\/historique\/#breadcrumb\"},\"inLanguage\":\"fr-FR\",\"potentialAction\":[{\"@type\":\"ReadAction\",\"target\":[\"http:\/\/www.fritshopkris.be\/fr\/historique\/\"]}]},{\"@type\":\"BreadcrumbList\",\"@id\":\"http:\/\/www.fritshopkris.be\/fr\/historique\/#breadcrumb\",\"itemListElement\":[{\"@type\":\"ListItem\",\"position\":1,\"name\":\"Accueil\",\"item\":\"http:\/\/www.fritshopkris.be\/fr\/\"},{\"@type\":\"ListItem\",\"position\":2,\"name\":\"Historique\"}]},{\"@type\":\"WebSite\",\"@id\":\"http:\/\/www.fritshopkris.be\/fr\/#website\",\"url\":\"http:\/\/www.fritshopkris.be\/fr\/\",\"name\":\"FritShop Kris\",\"description\":\"On Wheels\",\"publisher\":{\"@id\":\"http:\/\/www.fritshopkris.be\/fr\/#organization\"},\"potentialAction\":[{\"@type\":\"SearchAction\",\"target\":{\"@type\":\"EntryPoint\",\"urlTemplate\":\"http:\/\/www.fritshopkris.be\/fr\/?s={search_term_string}\"},\"query-input\":\"required name=search_term_string\"}],\"inLanguage\":\"fr-FR\"},{\"@type\":\"Organization\",\"@id\":\"http:\/\/www.fritshopkris.be\/fr\/#organization\",\"name\":\"FritShop Kris on Wheels\",\"url\":\"http:\/\/www.fritshopkris.be\/fr\/\",\"logo\":{\"@type\":\"ImageObject\",\"inLanguage\":\"fr-FR\",\"@id\":\"http:\/\/www.fritshopkris.be\/fr\/#\/schema\/logo\/image\/\",\"url\":\"http:\/\/www.fritshopkris.be\/fr\/wp-content\/uploads\/logobis.png\",\"contentUrl\":\"http:\/\/www.fritshopkris.be\/fr\/wp-content\/uploads\/logobis.png\",\"width\":898,\"height\":514,\"caption\":\"FritShop Kris on Wheels\"},\"image\":{\"@id\":\"http:\/\/www.fritshopkris.be\/fr\/#\/schema\/logo\/image\/\"}}]}<\/script>\n<!-- \/ Yoast SEO plugin. -->","yoast_head_json":{"title":"Historique - FritShop Kris","robots":{"index":"index","follow":"follow","max-snippet":"max-snippet:-1","max-image-preview":"max-image-preview:large","max-video-preview":"max-video-preview:-1"},"canonical":"http:\/\/www.fritshopkris.be\/fr\/historique\/","og_locale":"fr_FR","og_type":"article","og_title":"Historique - FritShop Kris","og_description":"Apr\u00e8s 18 ann\u00e9es \u00e0 cuire nos frites dans notre emplacement fixe \u00ab\u00a0Fritshop Kris\u00a0\u00bb \u00e0 Strombeek-Bever, nous allons bient\u00f4t commencer \u00e0 cuire nos frites de mani\u00e8re mobile avec un tout nouveau nom : \u00a0\u00bb Fritshop Kris on wheels \u00ab\u00a0. Apr\u00e8s nos ann\u00e9es d&rsquo;exp\u00e9rience \u00e0 vous garantir la qualit\u00e9 sup\u00e9rieur. Nous nous effor\u00e7ons d&rsquo;offrir la m\u00eame qualit\u00e9 [&hellip;]","og_url":"http:\/\/www.fritshopkris.be\/fr\/historique\/","og_site_name":"FritShop Kris","article_modified_time":"2016-05-05T08:03:20+00:00","twitter_card":"summary_large_image","twitter_misc":{"Dur\u00e9e de lecture estim\u00e9e":"1 minute"},"schema":{"@context":"https:\/\/schema.org","@graph":[{"@type":"WebPage","@id":"http:\/\/www.fritshopkris.be\/fr\/historique\/","url":"http:\/\/www.fritshopkris.be\/fr\/historique\/","name":"Historique - FritShop Kris","isPartOf":{"@id":"http:\/\/www.fritshopkris.be\/fr\/#website"},"datePublished":"2015-05-03T08:37:29+00:00","dateModified":"2016-05-05T08:03:20+00:00","breadcrumb":{"@id":"http:\/\/www.fritshopkris.be\/fr\/historique\/#breadcrumb"},"inLanguage":"fr-FR","potentialAction":[{"@type":"ReadAction","target":["http:\/\/www.fritshopkris.be\/fr\/historique\/"]}]},{"@type":"BreadcrumbList","@id":"http:\/\/www.fritshopkris.be\/fr\/historique\/#breadcrumb","itemListElement":[{"@type":"ListItem","position":1,"name":"Accueil","item":"http:\/\/www.fritshopkris.be\/fr\/"},{"@type":"ListItem","position":2,"name":"Historique"}]},{"@type":"WebSite","@id":"http:\/\/www.fritshopkris.be\/fr\/#website","url":"http:\/\/www.fritshopkris.be\/fr\/","name":"FritShop Kris","description":"On Wheels","publisher":{"@id":"http:\/\/www.fritshopkris.be\/fr\/#organization"},"potentialAction":[{"@type":"SearchAction","target":{"@type":"EntryPoint","urlTemplate":"http:\/\/www.fritshopkris.be\/fr\/?s={search_term_string}"},"query-input":"required name=search_term_string"}],"inLanguage":"fr-FR"},{"@type":"Organization","@id":"http:\/\/www.fritshopkris.be\/fr\/#organization","name":"FritShop Kris on Wheels","url":"http:\/\/www.fritshopkris.be\/fr\/","logo":{"@type":"ImageObject","inLanguage":"fr-FR","@id":"http:\/\/www.fritshopkris.be\/fr\/#\/schema\/logo\/image\/","url":"http:\/\/www.fritshopkris.be\/fr\/wp-content\/uploads\/logobis.png","contentUrl":"http:\/\/www.fritshopkris.be\/fr\/wp-content\/uploads\/logobis.png","width":898,"height":514,"caption":"FritShop Kris on Wheels"},"image":{"@id":"http:\/\/www.fritshopkris.be\/fr\/#\/schema\/logo\/image\/"}}]}},"_links":{"self":[{"href":"http:\/\/www.fritshopkris.be\/fr\/wp-json\/wp\/v2\/pages\/937","targetHints":{"allow":["GET"]}}],"collection":[{"href":"http:\/\/www.fritshopkris.be\/fr\/wp-json\/wp\/v2\/pages"}],"about":[{"href":"http:\/\/www.fritshopkris.be\/fr\/wp-json\/wp\/v2\/types\/page"}],"author":[{"embeddable":true,"href":"http:\/\/www.fritshopkris.be\/fr\/wp-json\/wp\/v2\/users\/1"}],"replies":[{"embeddable":true,"href":"http:\/\/www.fritshopkris.be\/fr\/wp-json\/wp\/v2\/comments?post=937"}],"version-history":[{"count":5,"href":"http:\/\/www.fritshopkris.be\/fr\/wp-json\/wp\/v2\/pages\/937\/revisions"}],"predecessor-version":[{"id":1116,"href":"http:\/\/www.fritshopkris.be\/fr\/wp-json\/wp\/v2\/pages\/937\/revisions\/1116"}],"wp:attachment":[{"href":"http:\/\/www.fritshopkris.be\/fr\/wp-json\/wp\/v2\/media?parent=937"}],"curies":[{"name":"wp","href":"https:\/\/api.w.org\/{rel}","templated":true}]}}